{"id":289,"date":"2022-07-27T13:58:32","date_gmt":"2022-07-27T13:58:32","guid":{"rendered":"https:\/\/bodasyretiroshamsa.com\/?post_type=product&#038;p=289"},"modified":"2022-11-19T15:04:36","modified_gmt":"2022-11-19T20:04:36","slug":"coleccion-de-aceites-diarios-productos-coleccion-de-aceites-diarios","status":"publish","type":"product","link":"https:\/\/bodasyretiroshamsa.com\/index.php\/producto\/coleccion-de-aceites-diarios-productos-coleccion-de-aceites-diarios\/","title":{"rendered":"Colecci\u00f3n de Aceites Diarios Productos Colecci\u00f3n de Aceites Diarios"},"content":{"rendered":"<p>Es importante tener esta colecci\u00f3n a la mano en su hogar. Young Living recomienda diez de nuestros aceites esenciales m\u00e1s destacados por su amplia variedad de usos y beneficios; desde la purificaci\u00f3n del aire, aromaterapia, y limpieza del hogar. Esta colecci\u00f3n es una manera ideal de asegurarse que usted siempre tenga los mejores beneficios de los aceites esenciales de Young Living.<\/p>\n","protected":false},"excerpt":{"rendered":"<p>Es importante tener esta colecci\u00f3n a la mano en su hogar. Young Living recomienda diez de nuestros aceites esenciales m\u00e1s destacados por su amplia variedad de usos y beneficios; desde la purificaci\u00f3n del aire, aromaterapia, y limpieza del hogar. Esta colecci\u00f3n es una manera ideal de asegurarse que usted siempre tenga los mejores beneficios de [&hellip;]<\/p>\n","protected":false},"featured_media":290,"comment_status":"open","ping_status":"closed","template":"","meta":[],"product_brand":[],"product_cat":[16],"product_tag":[],"class_list":{"0":"post-289","1":"product","2":"type-product","3":"status-publish","4":"has-post-thumbnail","6":"product_cat-sin-categorizar","8":"first","9":"instock","10":"shipping-taxable","11":"purchasable","12":"product-type-simple"},"lang":"es","translations":{"es":289,"en":1063},"pll_sync_post":[],"_links":{"self":[{"href":"https:\/\/bodasyretiroshamsa.com\/index.php\/wp-json\/wp\/v2\/product\/289","targetHints":{"allow":["GET"]}}],"collection":[{"href":"https:\/\/bodasyretiroshamsa.com\/index.php\/wp-json\/wp\/v2\/product"}],"about":[{"href":"https:\/\/bodasyretiroshamsa.com\/index.php\/wp-json\/wp\/v2\/types\/product"}],"replies":[{"embeddable":true,"href":"https:\/\/bodasyretiroshamsa.com\/index.php\/wp-json\/wp\/v2\/comments?post=289"}],"version-history":[{"count":1,"href":"https:\/\/bodasyretiroshamsa.com\/index.php\/wp-json\/wp\/v2\/product\/289\/revisions"}],"predecessor-version":[{"id":1426,"href":"https:\/\/bodasyretiroshamsa.com\/index.php\/wp-json\/wp\/v2\/product\/289\/revisions\/1426"}],"wp:featuredmedia":[{"embeddable":true,"href":"https:\/\/bodasyretiroshamsa.com\/index.php\/wp-json\/wp\/v2\/media\/290"}],"wp:attachment":[{"href":"https:\/\/bodasyretiroshamsa.com\/index.php\/wp-json\/wp\/v2\/media?parent=289"}],"wp:term":[{"taxonomy":"product_brand","embeddable":true,"href":"https:\/\/bodasyretiroshamsa.com\/index.php\/wp-json\/wp\/v2\/product_brand?post=289"},{"taxonomy":"product_cat","embeddable":true,"href":"https:\/\/bodasyretiroshamsa.com\/index.php\/wp-json\/wp\/v2\/product_cat?post=289"},{"taxonomy":"product_tag","embeddable":true,"href":"https:\/\/bodasyretiroshamsa.com\/index.php\/wp-json\/wp\/v2\/product_tag?post=289"}],"curies":[{"name":"wp","href":"https:\/\/api.w.org\/{rel}","templated":true}]}}