{"id":297,"date":"2022-07-27T13:59:57","date_gmt":"2022-07-27T13:59:57","guid":{"rendered":"https:\/\/bodasyretiroshamsa.com\/?post_type=product&#038;p=297"},"modified":"2022-11-19T15:17:16","modified_gmt":"2022-11-19T20:17:16","slug":"reconnect-essential-oil-collection","status":"publish","type":"product","link":"https:\/\/bodasyretiroshamsa.com\/index.php\/producto\/reconnect-essential-oil-collection\/","title":{"rendered":"Reconnect Essential Oil Collection"},"content":{"rendered":"<p>Reconecta contigo mismo con esta nueva colecci\u00f3n de mezclas de aceites esenciales creadas para ayudarte a mantener la agudeza mental y la concentraci\u00f3n. Las mezclas de aceites esenciales en el kit Reconnect est\u00e1n dise\u00f1adas para relajar la mente y apoyar la determinaci\u00f3n, tambi\u00e9n pueden apoyar la conexi\u00f3n del cuerpo con la tierra, adem\u00e1s de unir la mente y el esp\u00edritu con tu entorno.<\/p>\n<p>El uso de estos aceites puede ayudar a conducirte hacia una noche de sue\u00f1o reparador al relajar y calmar el cuerpo y la mente para liberar emociones negativas y promover elevados pensamientos de autoestima.<\/p>\n<p>\u2022 Mezcla de aceites esenciales GeneYus\u2122, 5 ml<\/p>\n<p>\u2022 Mezcla de aceites esenciales InTouch\u2122, 5 ml<\/p>\n<p>\u2022 Mezcla de aceites esenciales Reconnect\u2122, 5 ml<\/p>\n<p>\u2022 Mezcla de aceites esenciales SleepyIze\u2122, 5 ml.<\/p>\n","protected":false},"excerpt":{"rendered":"<p>Reconecta contigo mismo con esta nueva colecci\u00f3n de mezclas de aceites esenciales creadas para ayudarte a mantener la agudeza mental y la concentraci\u00f3n. Las mezclas de aceites esenciales en el kit Reconnect est\u00e1n dise\u00f1adas para relajar la mente y apoyar la determinaci\u00f3n, tambi\u00e9n pueden apoyar la conexi\u00f3n del cuerpo con la tierra, adem\u00e1s de unir [&hellip;]<\/p>\n","protected":false},"featured_media":291,"comment_status":"open","ping_status":"closed","template":"","meta":[],"product_brand":[],"product_cat":[16],"product_tag":[],"class_list":{"0":"post-297","1":"product","2":"type-product","3":"status-publish","4":"has-post-thumbnail","6":"product_cat-sin-categorizar","8":"first","9":"instock","10":"shipping-taxable","11":"purchasable","12":"product-type-simple"},"lang":"es","translations":{"es":297,"en":1061},"pll_sync_post":[],"_links":{"self":[{"href":"https:\/\/bodasyretiroshamsa.com\/index.php\/wp-json\/wp\/v2\/product\/297","targetHints":{"allow":["GET"]}}],"collection":[{"href":"https:\/\/bodasyretiroshamsa.com\/index.php\/wp-json\/wp\/v2\/product"}],"about":[{"href":"https:\/\/bodasyretiroshamsa.com\/index.php\/wp-json\/wp\/v2\/types\/product"}],"replies":[{"embeddable":true,"href":"https:\/\/bodasyretiroshamsa.com\/index.php\/wp-json\/wp\/v2\/comments?post=297"}],"version-history":[{"count":1,"href":"https:\/\/bodasyretiroshamsa.com\/index.php\/wp-json\/wp\/v2\/product\/297\/revisions"}],"predecessor-version":[{"id":1441,"href":"https:\/\/bodasyretiroshamsa.com\/index.php\/wp-json\/wp\/v2\/product\/297\/revisions\/1441"}],"wp:featuredmedia":[{"embeddable":true,"href":"https:\/\/bodasyretiroshamsa.com\/index.php\/wp-json\/wp\/v2\/media\/291"}],"wp:attachment":[{"href":"https:\/\/bodasyretiroshamsa.com\/index.php\/wp-json\/wp\/v2\/media?parent=297"}],"wp:term":[{"taxonomy":"product_brand","embeddable":true,"href":"https:\/\/bodasyretiroshamsa.com\/index.php\/wp-json\/wp\/v2\/product_brand?post=297"},{"taxonomy":"product_cat","embeddable":true,"href":"https:\/\/bodasyretiroshamsa.com\/index.php\/wp-json\/wp\/v2\/product_cat?post=297"},{"taxonomy":"product_tag","embeddable":true,"href":"https:\/\/bodasyretiroshamsa.com\/index.php\/wp-json\/wp\/v2\/product_tag?post=297"}],"curies":[{"name":"wp","href":"https:\/\/api.w.org\/{rel}","templated":true}]}}